{"id":51,"date":"2017-05-24T17:38:49","date_gmt":"2017-05-24T17:38:49","guid":{"rendered":"http:\/\/localhost\/medical-way-plus\/?page_id=51"},"modified":"2021-01-27T15:30:08","modified_gmt":"2021-01-27T15:30:08","slug":"dr-christopher-griffin","status":"publish","type":"page","link":"https:\/\/www.zahnarzt-speldorf.de\/index.php\/meet-the-medical-way-specialists-doctors\/dr-christopher-griffin\/","title":{"rendered":"David Michalik"},"content":{"rendered":"<table class=\"table tb-special\">\n<colgroup>\n<col span=\"1\" style=\"width: 30%;\">\n<col span=\"1\" style=\"width: 70%;\">\n    <\/colgroup>\n<tr>\n<td>1995 &#8211; 2002<\/td>\n<td> Studium der Zahnmedizin an der Universit\u00e4t D\u00fcsseldorf<\/td>\n<\/tr>\n<tr>\n<td>2002 &#8211; 2004<\/td>\n<td> Assistenzzeit in Duisburg-Rahm<\/td>\n<\/tr>\n<tr>\n<td>2004 &#8211; 2005<\/td>\n<td> Angestellter Zahnarzt in Mettmann<\/td>\n<\/tr>\n<tr>\n<td>2006 bis dato<\/td>\n<td>Niederlassung in eigener Praxis in M\u00fclheim Speldorf<\/td>\n<\/tr>\n<tr>\n<td>2010 &#8211; 2011<\/td>\n<td> Curriculum der Implantologie Zertifiziert durch DGOI<\/td>\n<\/tr>\n<\/table>\n<p>st\u00e4ndige aktuelle Fortbildung in s\u00e4mtlichen zahnmedizinischen Disziplinen<\/p>\n","protected":false},"excerpt":{"rendered":"<p>1995 &#8211; 2002 Studium der Zahnmedizin an der Universit\u00e4t D\u00fcsseldorf 2002 &#8211; 2004 Assistenzzeit in Duisburg-Rahm 2004 &#8211; 2005 Angestellter Zahnarzt in Mettmann 2006 bis dato Niederlassung in eigener Praxis in M\u00fclheim Speldorf 2010 &#8211; 2011 Curriculum der Implantologie Zertifiziert durch DGOI st\u00e4ndige aktuelle Fortbildung in s\u00e4mtlichen zahnmedizinischen Disziplinen<\/p>\n","protected":false},"author":1,"featured_media":339,"parent":43,"menu_order":0,"comment_status":"closed","ping_status":"closed","template":"","meta":{"footnotes":""},"class_list":["post-51","page","type-page","status-publish","has-post-thumbnail","hentry"],"_links":{"self":[{"href":"https:\/\/www.zahnarzt-speldorf.de\/index.php\/wp-json\/wp\/v2\/pages\/51"}],"collection":[{"href":"https:\/\/www.zahnarzt-speldorf.de\/index.php\/wp-json\/wp\/v2\/pages"}],"about":[{"href":"https:\/\/www.zahnarzt-speldorf.de\/index.php\/wp-json\/wp\/v2\/types\/page"}],"author":[{"embeddable":true,"href":"https:\/\/www.zahnarzt-speldorf.de\/index.php\/wp-json\/wp\/v2\/users\/1"}],"replies":[{"embeddable":true,"href":"https:\/\/www.zahnarzt-speldorf.de\/index.php\/wp-json\/wp\/v2\/comments?post=51"}],"version-history":[{"count":20,"href":"https:\/\/www.zahnarzt-speldorf.de\/index.php\/wp-json\/wp\/v2\/pages\/51\/revisions"}],"predecessor-version":[{"id":514,"href":"https:\/\/www.zahnarzt-speldorf.de\/index.php\/wp-json\/wp\/v2\/pages\/51\/revisions\/514"}],"up":[{"embeddable":true,"href":"https:\/\/www.zahnarzt-speldorf.de\/index.php\/wp-json\/wp\/v2\/pages\/43"}],"wp:featuredmedia":[{"embeddable":true,"href":"https:\/\/www.zahnarzt-speldorf.de\/index.php\/wp-json\/wp\/v2\/media\/339"}],"wp:attachment":[{"href":"https:\/\/www.zahnarzt-speldorf.de\/index.php\/wp-json\/wp\/v2\/media?parent=51"}],"curies":[{"name":"wp","href":"https:\/\/api.w.org\/{rel}","templated":true}]}}